{"id":98,"date":"2022-12-01T22:23:56","date_gmt":"2022-12-01T22:23:56","guid":{"rendered":"http:\/\/sp15ns.pl\/?page_id=98"},"modified":"2022-12-01T22:23:56","modified_gmt":"2022-12-01T22:23:56","slug":"deklaracja-dostepnosci","status":"publish","type":"page","link":"https:\/\/sp15ns.pl\/index.php\/deklaracja-dostepnosci\/","title":{"rendered":"Deklaracja dost\u0119pno\u015bci"},"content":{"rendered":"\n<p>Deklaracja dost\u0119pno\u015bci cyfrowej dla strony podmiotowej BIP<\/p>\n\n\n\n<p>Wst\u0119p deklaracji<br>Zesp\u00f3\u0142 Szkonlo &#8211; Przedszkolny nr 9 w Nowym S\u0105czu zobowi\u0105zuje si\u0119 zapewni\u0107 dost\u0119pno\u015b\u0107 swojej strony podmiotowej BIP zgodnie z przepisami ustawy z dnia 4 kwietnia 2019 r. o dost\u0119pno\u015bci cyfrowej stron internetowych i aplikacji mobilnych podmiot\u00f3w publicznych. O\u015bwiadczenie w sprawie dost\u0119pno\u015bci ma zastosowanie do strony podmiotowej BIP https:\/\/bip.malopolska.pl\/zspg1ns<br>Dane teleadresowe jednostki:<br>Zesp\u00f3\u0142 Szkolno &#8211; Przedszkolny nr 9 w Nowym S\u0105czu<br>ul. 29 Listopada 22<br>33-300 Nowy S\u0105cz<br>adres e-mail: zspgns15@wp.pl<br>tel.\/fax: 18 4421701<br>Data publikacji strony internetowej: 2022-09-01<\/p>\n\n\n\n<p>Data ostatniej istotnej aktualizacji: 2022-11-28<br>Strona podmiotowa BIP jest cz\u0119\u015bciowo zgodna z ustaw\u0105 z dnia 4 kwietnia 2019 r. o dost\u0119pno\u015bci cyfrowej stron internetowych i aplikacji mobilnych podmiot\u00f3w publicznych z powodu niezgodno\u015bci lub wy\u0142\u0105cze\u0144 wymienionych poni\u017cej:<br>&nbsp;<br>Strona internetowa jest cz\u0119\u015bciowo zgodna z ustaw\u0105 z dnia 4 kwietnia 2019 r. o dost\u0119pno\u015bci cyfrowej stron internetowych i aplikacji mobilnych podmiot\u00f3w publicznych z powodu niezgodno\u015bci lub wy\u0142\u0105cze\u0144 wymienionych poni\u017cej<br>o zdj\u0119cia nie posiadaj\u0105 pe\u0142nych opis\u00f3w alternatywnych<br>o dokumenty w PDF nie s\u0105 dokumentami edytowalnymi<br>o cz\u0119\u015b\u0107 plik\u00f3w nie jest dost\u0119pnych cyfrowo<\/p>\n\n\n\n<p>U\u0142atwienia na stronie podmiotowej BIP<br>Strony podmiotowe w ramach Regionalnego Systemu BIP w Ma\u0142opolsce posiadaj\u0105 nast\u0119puj\u0105ce u\u0142atwienia:<br>\u2022 podwy\u017cszony kontrast (czarne t\u0142o, \u017c\u00f3\u0142te litery)<br>\u2022 mo\u017cliwo\u015b\u0107 powi\u0119kszenia wielko\u015bci liter na stronie<br>\u2022 mo\u017cliwo\u015b\u0107 zwi\u0119kszenia interlinii oraz odst\u0119p\u00f3w pomi\u0119dzy literami<br>\u2022 mapa strony<br>\u2022 focus wok\u00f3\u0142 element\u00f3w nawigacyjnych<br>Skr\u00f3ty klawiaturowe<br>Na stronie internetowej mo\u017cna u\u017cywa\u0107 standardowych skr\u00f3t\u00f3w klawiaturowych przegl\u0105darki.<\/p>\n\n\n\n<p>Data sporz\u0105dzenia deklaracji<br>Deklaracj\u0119 sporz\u0105dzono dnia: 2022-09-01<br>W Zespole Szkolno &#8211; Przedszkolnym nr 9 w Nowym S\u0105czu przeprowadzono samoocen\u0119 dost\u0119pno\u015bci cyfrowej strony internetowej dla os\u00f3b niepe\u0142nosprawnych \u2013 w odniesieniu do wytycznych okre\u015blonych w za\u0142\u0105czniku do ustawy z dnia 4 kwietnia 2019 r., z wykorzystaniem narz\u0119dzia do oceny strony, z kt\u00f3rego wynika, \u017ce strona internetowa http:\/\/www.bip.malopolska.pl\/ spe\u0142nia wymagania w 100%.<br>Data ostatniego przegl\u0105du i aktualizacji Deklaracji:<br>&nbsp;<br>Informacje zwrotne i dane kontaktowe<br>Osoba do kontaktu w sprawie dost\u0119pno\u015bci: Adam Gondek<br>e-mail: zspgns15@wp.pl<br>Telefon: 18 442 99 70<br>Procedura wnioskowo-skargowa<br>Uprzejmie informujemy, \u017ce zgodnie z ustaw\u0105 z dnia 4 kwietnia 2019 r. o dost\u0119pno\u015bci cyfrowej stron internetowych i aplikacji mobilnych podmiot\u00f3w publicznych ka\u017cdy ma prawo wyst\u0105pi\u0107 do podmiotu publicznego z \u017c\u0105daniem udost\u0119pnienia cyfrowego wskazanej strony internetowej, aplikacji mobilnej lub ich element\u00f3w, ewentualnie zapewnienia dost\u0119pu alternatywnego, na warunkach okre\u015blonych w ustawie. W przypadku odmowy wnosz\u0105cy \u017c\u0105danie mo\u017cne z\u0142o\u017cy\u0107 skarg\u0119 z zastosowaniem przepis\u00f3w ustawy z dnia 14 czerwca 1960 r. Kodeks post\u0119powania administracyjnego, a tak\u017ce powiadomi\u0107 Rzecznika Praw Obywatelskich: www.rpo.gov.pl<br>Dost\u0119pno\u015b\u0107 architektoniczna<br>Zesp\u00f3\u0142 Szkolno &#8211; Przedszkolny nr 9 w Nowym S\u0105czu mie\u015bcie si\u0119 w budynku przy ulicy 29 Listopada 22<br>Opis dost\u0119pno\u015bci wej\u015bcia do budynku i przechodzenie przez obszar kontroli.<br>Do budynku prowadz\u0105 trzy wej\u015bcia. Wej\u015bcie g\u0142\u00f3wne mieszcz\u0105ce od strony placu zabaw, wej\u015bcie boczne od strony parkingu oraz wej\u015bcie boczne od strony Sali gimnastycznej. \u017badne z wej\u015b\u0107 nie umo\u017cliwia dostania si\u0119 do budynku wprost z poziomu terenu. Budynek jest wielokondygnacyjny, bardzo du\u017ca ilo\u015b\u0107 schod\u00f3w na wielu poziomach uniemo\u017cliwia przemieszczanie si\u0119 na w\u00f3zku inwalidzkim.<\/p>\n\n\n\n<ol class=\"wp-block-list\">\n<li>Opis dost\u0119pno\u015bci korytarzy, schod\u00f3w i wind.<br>\u017badna z toalet nie jest dost\u0119pna dla os\u00f3b na w\u00f3zkach inwalidzkich ze wzgl\u0119du na konieczno\u015b\u0107 pokonania schod\u00f3w. Na klatkach schodowych zamontowane s\u0105 por\u0119cze. W korytarzach nie ma wydzielonych stref kontroli.<\/li>\n\n\n\n<li>Opis dostosowa\u0144, na przyk\u0142ad pochylni, platform, informacji g\u0142osowych, p\u0119tlach indukcyjnych<br>W budynkach Zespo\u0142u nie ma zamontowanych platform, informacji g\u0142osowych, p\u0119tli indukcyjnych. W budynkach nie ma oznacze\u0144 w alfabecie brajla ani oznacze\u0144 kontrastowych lub w druku powi\u0119kszonym dla os\u00f3b niewidomych i s\u0142abowidz\u0105cych.<\/li>\n\n\n\n<li>Informacje o miejscu i sposobie korzystania z miejsc parkingowych wyznaczonych dla os\u00f3b niepe\u0142nosprawnych<br>Na terenie plac\u00f3wki na parkingu jest wyznaczone miejscem postojowe dla pojazd\u00f3w przeznaczonych dla os\u00f3b niepe\u0142nosprawnych.<\/li>\n\n\n\n<li>Informacja o prawie wst\u0119pu z psem asystuj\u0105cym i ewentualnych uzasadnionych ograniczeniach<br>Do budynk\u00f3w Zespo\u0142u mo\u017ce wej\u015b\u0107 osoba z psem asystuj\u0105cym.<\/li>\n\n\n\n<li>Informacja o mo\u017cliwo\u015bci skorzystania z t\u0142umacza j\u0119zyka migowego na miejscu lub online. W przypadku braku takiej mo\u017cliwo\u015bci, tak\u0105 informacj\u0105 nale\u017cy zawrze\u0107.<br>Na terenie Zespo\u0142u nie ma mo\u017cliwo\u015bci skorzystania z t\u0142umacza j\u0119zyka migowego. Budynek nie jest wyposa\u017cony w aplikacj\u0119 t\u0142umacza polskiego j\u0119zyka migowego (PJM) online ani nie zosta\u0142 przeszkolony \u017caden pracownik z polskiego j\u0119zyka migowego.<\/li>\n<\/ol>\n","protected":false},"excerpt":{"rendered":"<p>Deklaracja dost\u0119pno\u015bci cyfrowej dla strony podmiotowej BIP Wst\u0119p deklaracjiZesp\u00f3\u0142 Szkonlo &#8211; Przedszkolny nr 9 w Nowym S\u0105czu zobowi\u0105zuje si\u0119 zapewni\u0107 dost\u0119pno\u015b\u0107 swojej strony podmiotowej BIP zgodnie z przepisami ustawy z dnia 4 kwietnia 2019 r. o dost\u0119pno\u015bci cyfrowej stron internetowych i aplikacji mobilnych podmiot\u00f3w publicznych. O\u015bwiadczenie w sprawie dost\u0119pno\u015bci ma zastosowanie do strony podmiotowej BIP &hellip; <\/p>\n<div class=\"link-more\"><a href=\"https:\/\/sp15ns.pl\/index.php\/deklaracja-dostepnosci\/\" class=\"more-link\">Read More<span class=\"screen-reader-text\"> &#8220;Deklaracja dost\u0119pno\u015bci&#8221;<\/span><\/a><\/div>\n","protected":false},"author":1,"featured_media":0,"parent":0,"menu_order":0,"comment_status":"closed","ping_status":"closed","template":"","meta":{"footnotes":""},"class_list":["post-98","page","type-page","status-publish","hentry"],"_links":{"self":[{"href":"https:\/\/sp15ns.pl\/index.php\/wp-json\/wp\/v2\/pages\/98","targetHints":{"allow":["GET"]}}],"collection":[{"href":"https:\/\/sp15ns.pl\/index.php\/wp-json\/wp\/v2\/pages"}],"about":[{"href":"https:\/\/sp15ns.pl\/index.php\/wp-json\/wp\/v2\/types\/page"}],"author":[{"embeddable":true,"href":"https:\/\/sp15ns.pl\/index.php\/wp-json\/wp\/v2\/users\/1"}],"replies":[{"embeddable":true,"href":"https:\/\/sp15ns.pl\/index.php\/wp-json\/wp\/v2\/comments?post=98"}],"version-history":[{"count":1,"href":"https:\/\/sp15ns.pl\/index.php\/wp-json\/wp\/v2\/pages\/98\/revisions"}],"predecessor-version":[{"id":100,"href":"https:\/\/sp15ns.pl\/index.php\/wp-json\/wp\/v2\/pages\/98\/revisions\/100"}],"wp:attachment":[{"href":"https:\/\/sp15ns.pl\/index.php\/wp-json\/wp\/v2\/media?parent=98"}],"curies":[{"name":"wp","href":"https:\/\/api.w.org\/{rel}","templated":true}]}}