{"id":632,"date":"2026-03-16T06:31:20","date_gmt":"2026-03-16T06:31:20","guid":{"rendered":"https:\/\/sp15ns.pl\/?page_id=632"},"modified":"2026-03-16T06:34:36","modified_gmt":"2026-03-16T06:34:36","slug":"zfss","status":"publish","type":"page","link":"https:\/\/sp15ns.pl\/index.php\/zfss\/","title":{"rendered":"ZF\u015aS"},"content":{"rendered":"\n<div class=\"wp-block-file\"><a id=\"wp-block-file--media-b1bf01a9-51bb-4e31-aabe-dcf0b9081598\" href=\"https:\/\/sp15ns.pl\/wp-content\/uploads\/2026\/03\/Dofinansowanie-do-imprez-kulturalno-oswiatowych.pdf\">Dofinansowanie do imprez kulturalno o\u015bwiatowych<\/a><a href=\"https:\/\/sp15ns.pl\/wp-content\/uploads\/2026\/03\/Dofinansowanie-do-imprez-kulturalno-oswiatowych.pdf\" class=\"wp-block-file__button wp-element-button\" download aria-describedby=\"wp-block-file--media-b1bf01a9-51bb-4e31-aabe-dcf0b9081598\">Download<\/a><\/div>\n\n\n\n<div class=\"wp-block-file\"><a id=\"wp-block-file--media-bed88b51-2858-445f-a1ae-a94a8496e668\" href=\"https:\/\/sp15ns.pl\/wp-content\/uploads\/2026\/03\/Dofinansowanie-do-wypoczynku-dzieci-i-mlodziezy.pdf\">Dofinansowanie do wypoczynku dzieci i m\u0142odziezy<\/a><a href=\"https:\/\/sp15ns.pl\/wp-content\/uploads\/2026\/03\/Dofinansowanie-do-wypoczynku-dzieci-i-mlodziezy.pdf\" class=\"wp-block-file__button wp-element-button\" download aria-describedby=\"wp-block-file--media-bed88b51-2858-445f-a1ae-a94a8496e668\">Download<\/a><\/div>\n\n\n\n<div class=\"wp-block-file\"><a id=\"wp-block-file--media-02177b1d-76b2-489d-a24e-ba33834816ec\" href=\"https:\/\/sp15ns.pl\/wp-content\/uploads\/2026\/03\/Dofinansowanie-do-zlobkow-i-przedszkoli.pdf\">Dofinansowanie do \u017c\u0142obk\u00f3w i przedszkoli<\/a><a href=\"https:\/\/sp15ns.pl\/wp-content\/uploads\/2026\/03\/Dofinansowanie-do-zlobkow-i-przedszkoli.pdf\" class=\"wp-block-file__button wp-element-button\" download aria-describedby=\"wp-block-file--media-02177b1d-76b2-489d-a24e-ba33834816ec\">Download<\/a><\/div>\n\n\n\n<div class=\"wp-block-file\"><a id=\"wp-block-file--media-74b26524-4d22-4a6d-bb45-1acdb22486ee\" href=\"https:\/\/sp15ns.pl\/wp-content\/uploads\/2026\/03\/Dofinansowanie-wypoczynku-wczasy-pod-grusza.pdf\">Dofinansowanie wypoczynku wczasy pod grusz\u0105<\/a><a href=\"https:\/\/sp15ns.pl\/wp-content\/uploads\/2026\/03\/Dofinansowanie-wypoczynku-wczasy-pod-grusza.pdf\" class=\"wp-block-file__button wp-element-button\" download aria-describedby=\"wp-block-file--media-74b26524-4d22-4a6d-bb45-1acdb22486ee\">Download<\/a><\/div>\n\n\n\n<div class=\"wp-block-file\"><a id=\"wp-block-file--media-3ebfebde-e5a9-4c2c-b2bb-502dfedcade2\" href=\"https:\/\/sp15ns.pl\/wp-content\/uploads\/2026\/03\/Oswiadczenie.pdf\">O\u015bwiadczenie<\/a><a href=\"https:\/\/sp15ns.pl\/wp-content\/uploads\/2026\/03\/Oswiadczenie.pdf\" class=\"wp-block-file__button wp-element-button\" download aria-describedby=\"wp-block-file--media-3ebfebde-e5a9-4c2c-b2bb-502dfedcade2\">Download<\/a><\/div>\n\n\n\n<div class=\"wp-block-file\"><a id=\"wp-block-file--media-725a1d19-23ed-4dd8-9e8f-8ecc465aa983\" href=\"https:\/\/sp15ns.pl\/wp-content\/uploads\/2026\/03\/Regulamin-ZFSS.pdf\">Regulamin ZF\u015aS<\/a><a href=\"https:\/\/sp15ns.pl\/wp-content\/uploads\/2026\/03\/Regulamin-ZFSS.pdf\" class=\"wp-block-file__button wp-element-button\" download aria-describedby=\"wp-block-file--media-725a1d19-23ed-4dd8-9e8f-8ecc465aa983\">Download<\/a><\/div>\n\n\n\n<div class=\"wp-block-file\"><a id=\"wp-block-file--media-44e842d4-1e43-405d-bd31-b327a4080d27\" href=\"https:\/\/sp15ns.pl\/wp-content\/uploads\/2026\/03\/Wniosek-zapomoga-socjalna.pdf\">Wniosek zapomoga socjalna<\/a><a href=\"https:\/\/sp15ns.pl\/wp-content\/uploads\/2026\/03\/Wniosek-zapomoga-socjalna.pdf\" class=\"wp-block-file__button wp-element-button\" download aria-describedby=\"wp-block-file--media-44e842d4-1e43-405d-bd31-b327a4080d27\">Download<\/a><\/div>\n\n\n\n<div class=\"wp-block-file\"><a id=\"wp-block-file--media-1a96a9f9-a3bf-4395-9e2a-dd13d994284d\" href=\"https:\/\/sp15ns.pl\/wp-content\/uploads\/2026\/03\/Zapomoga-losowa.pdf\">Zapomoga losowa<\/a><a href=\"https:\/\/sp15ns.pl\/wp-content\/uploads\/2026\/03\/Zapomoga-losowa.pdf\" class=\"wp-block-file__button wp-element-button\" download aria-describedby=\"wp-block-file--media-1a96a9f9-a3bf-4395-9e2a-dd13d994284d\">Download<\/a><\/div>\n\n\n\n<p><\/p>\n","protected":false},"excerpt":{"rendered":"","protected":false},"author":1,"featured_media":0,"parent":0,"menu_order":0,"comment_status":"closed","ping_status":"closed","template":"","meta":{"footnotes":""},"class_list":["post-632","page","type-page","status-publish","hentry"],"_links":{"self":[{"href":"https:\/\/sp15ns.pl\/index.php\/wp-json\/wp\/v2\/pages\/632","targetHints":{"allow":["GET"]}}],"collection":[{"href":"https:\/\/sp15ns.pl\/index.php\/wp-json\/wp\/v2\/pages"}],"about":[{"href":"https:\/\/sp15ns.pl\/index.php\/wp-json\/wp\/v2\/types\/page"}],"author":[{"embeddable":true,"href":"https:\/\/sp15ns.pl\/index.php\/wp-json\/wp\/v2\/users\/1"}],"replies":[{"embeddable":true,"href":"https:\/\/sp15ns.pl\/index.php\/wp-json\/wp\/v2\/comments?post=632"}],"version-history":[{"count":2,"href":"https:\/\/sp15ns.pl\/index.php\/wp-json\/wp\/v2\/pages\/632\/revisions"}],"predecessor-version":[{"id":644,"href":"https:\/\/sp15ns.pl\/index.php\/wp-json\/wp\/v2\/pages\/632\/revisions\/644"}],"wp:attachment":[{"href":"https:\/\/sp15ns.pl\/index.php\/wp-json\/wp\/v2\/media?parent=632"}],"curies":[{"name":"wp","href":"https:\/\/api.w.org\/{rel}","templated":true}]}}