{"id":416,"date":"2023-06-28T20:51:55","date_gmt":"2023-06-28T20:51:55","guid":{"rendered":"http:\/\/sp15ns.pl\/?page_id=416"},"modified":"2023-06-28T20:51:55","modified_gmt":"2023-06-28T20:51:55","slug":"sportowa-natura-2023","status":"publish","type":"page","link":"https:\/\/sp15ns.pl\/index.php\/sportowa-natura-2023\/","title":{"rendered":"Sportowa Natura 2023"},"content":{"rendered":"\n<p>KOMUNIKAT<\/p>\n\n\n\n<p>&nbsp;&nbsp;&nbsp;&nbsp;&nbsp;&nbsp;&nbsp;&nbsp;&nbsp;&nbsp;&nbsp;&nbsp;&nbsp;&nbsp;&nbsp;&nbsp;&nbsp;&nbsp;&nbsp;&nbsp;&nbsp;&nbsp;&nbsp;&nbsp;&nbsp;&nbsp;Uczniowski Klub Sportowy \u017bAK dzia\u0142aj\u0105cy przy Szkole Podstawowej nr 15 w Nowym S\u0105czu opr\u00f3cz dzia\u0142alno\u015bci sportowej w zakresie koszyk\u00f3wki dziewcz\u0105t realizuje&nbsp;&nbsp;r\u00f3wnie\u017c inne&nbsp;&nbsp;programy edukacyjne.&nbsp;<\/p>\n\n\n\n<p>&nbsp;&nbsp;&nbsp;&nbsp;&nbsp;&nbsp;&nbsp;&nbsp;&nbsp;&nbsp;&nbsp;&nbsp;&nbsp;&nbsp;&nbsp;&nbsp;&nbsp;&nbsp;&nbsp;&nbsp;&nbsp;W tym roku zosta\u0142 beneficjentem og\u00f3lnopolskiego projektu Las\u00f3w Pa\u0144stwowych skierowanego do klub\u00f3w sportowych i w ramach tego projektu przeprowadzi\u0142&nbsp;&nbsp;&nbsp;marszobieg&nbsp;&nbsp;pod nazw\u0105 \u201e Trenuj z nami w Lasach Pa\u0144stwowych &#8211;&nbsp;&nbsp;gra terenowa na rozpocz\u0119cie wakacji.<\/p>\n\n\n\n<p>&nbsp;&nbsp;&nbsp;&nbsp;&nbsp;&nbsp;&nbsp;&nbsp;&nbsp;&nbsp;&nbsp;&nbsp;&nbsp;&nbsp;&nbsp;&nbsp;Wydarzenie mia\u0142o&nbsp;&nbsp;charakter atletycznej gry terenowej ,&nbsp;&nbsp;w kt\u00f3rym w dniach<\/p>\n\n\n\n<p>26-27.06.2023 udzia\u0142 wzi\u0119\u0142o 45 koszykarek \u2013 uczennic&nbsp;&nbsp;nowos\u0105deckich szk\u00f3\u0142 podstawowych&nbsp;&nbsp;i 5 trener\u00f3w UKS \u017bAK .<\/p>\n\n\n\n<p>Podsumowanie gry odby\u0142o si\u0119 podczas ogniska integracyjnego przy schronisku g\u00f3rskim<\/p>\n\n\n\n<p>na \u0141abowskiej Hali, gdzie&nbsp;&nbsp;nast\u0119pnie uczestnicy zostali na nocleg.<\/p>\n\n\n\n<p>&nbsp;&nbsp;&nbsp;&nbsp;&nbsp;&nbsp;&nbsp;&nbsp;&nbsp;&nbsp;&nbsp;&nbsp;&nbsp;&nbsp;&nbsp;&nbsp;&nbsp;Zawodniczki dociera\u0142y&nbsp;&nbsp;do schroniska na \u0141abowskiej Hali w trzech podgrupach z \u0141abowca, Sk\u0142adzistego oraz Feleczyna.<\/p>\n\n\n\n<p>&nbsp;&nbsp;&nbsp;&nbsp;&nbsp;&nbsp;&nbsp;&nbsp;&nbsp;&nbsp;&nbsp;&nbsp;&nbsp;&nbsp;Go\u015bciem specjalnym by\u0142a pani Iwona Szczygie\u0142 z Nadle\u015bnictwa Las\u00f3w Pa\u0144stwowych Nawojowa, kt\u00f3ra w ciekawej prelekcji z wieloma rekwizytami i eksponatami przyrodniczymi&nbsp;&nbsp;przekaza\u0142a&nbsp;&nbsp;&nbsp;dzieciom du\u017c\u0105 ilo\u015b\u0107 wiedzy dotycz\u0105cej zr\u00f3wnowa\u017conej i wielofunkcyjnej gospodarki le\u015bnej, obcowania z natur\u0105 , sp\u0119dzania czasu wolnego na \u015bwie\u017cym powietrzu, edukacji le\u015bnej i przyrodniczej , korzystania z produkt\u00f3w lasu dla codziennych potrzeb.<\/p>\n\n\n\n<p>&nbsp;&nbsp;&nbsp;&nbsp;&nbsp;&nbsp;&nbsp;&nbsp;&nbsp;&nbsp;&nbsp;&nbsp;&nbsp;&nbsp;&nbsp;&nbsp;&nbsp;&nbsp;&nbsp;&nbsp;&nbsp;&nbsp;&nbsp;Nast\u0119pnie ka\u017cda z grup podzieli\u0142a si\u0119 z pozosta\u0142ymi uczestnikami informacjami udokumentowanymi zdj\u0119ciami , kt\u00f3re zosta\u0142y pozyskane w trakcie jednego czerwcowego treningu jaki zrealizowa\u0142a ka\u017cda grupa. Tematyka dotyczy\u0142a :<\/p>\n\n\n\n<p>&#8211; grupa 1 :&nbsp;&nbsp;R\u00f3\u017cnorodno\u015b\u0107 biologiczna las\u00f3w Beskidu S\u0105deckiego \/ gatunki ro\u015blin i zwierz\u0105t\/<\/p>\n\n\n\n<p>&#8211; grupa 2:&nbsp;&nbsp;Ochrona przyrody<\/p>\n\n\n\n<p>&#8211; grupa 3 : Gospodarka le\u015bna \/ korzystanie z produkt\u00f3w lasu dla&nbsp;&nbsp;codziennych potrzeb\/<\/p>\n\n\n\n<p>&#8211; grupa 4 : Rozs\u0105dne obcowanie z natur\u0105 \/ \u015bcie\u017cki edukacyjne Nadle\u015bnictwa Nawojowa ,&nbsp;<\/p>\n\n\n\n<p>&nbsp;&nbsp;&nbsp;&nbsp;&nbsp;&nbsp;&nbsp;&nbsp;&nbsp;&nbsp;&nbsp;&nbsp;&nbsp;&nbsp;&nbsp;&nbsp;&nbsp;Szlaki turystyczne, miejsca do odpoczynku\/.<\/p>\n\n\n\n<p>&#8211; grupa 5 : Rekreacyjne walory Las\u00f3w Pa\u0144stwowych\/ szlaki i obiekty&nbsp;&nbsp;turystyczne, projekty<\/p>\n\n\n\n<p>&nbsp;&nbsp;&nbsp;&nbsp;&nbsp;&nbsp;&nbsp;&nbsp;&nbsp;&nbsp;&nbsp;&nbsp;&nbsp;&nbsp;&nbsp;&nbsp;&nbsp;turystyczne np. zdobywanie odznak turystycznych\/.&nbsp;&nbsp;&nbsp;&nbsp;<\/p>\n\n\n\n<p>&nbsp;&nbsp;&nbsp;&nbsp;&nbsp;&nbsp;&nbsp;&nbsp;&nbsp;&nbsp;&nbsp;&nbsp;&nbsp;&nbsp;&nbsp;&nbsp;&nbsp;&nbsp;&nbsp;&nbsp;&nbsp;&nbsp;&nbsp;&nbsp;&nbsp;&nbsp;&nbsp;&nbsp;&nbsp;&nbsp;&nbsp;&nbsp;&nbsp;&nbsp;&nbsp;&nbsp;&nbsp;&nbsp;&nbsp;&nbsp;&nbsp;&nbsp;&nbsp;&nbsp;&nbsp;&nbsp;Drugiego dnia tj. we wtorek 27.06.2023 ca\u0142a grupa zesz\u0142a trzygodzinnym&nbsp;&nbsp;\u017c\u00f3\u0142tym szlakiem turystycznym do \u0141omnicy Zdroju sk\u0105d poci\u0105giem PKP powr\u00f3ci\u0142a do Nowego S\u0105cza.&nbsp;<\/p>\n\n\n\n<figure class=\"wp-block-image size-large\"><img fetchpriority=\"high\" decoding=\"async\" width=\"1024\" height=\"768\" src=\"http:\/\/sp15ns.pl\/wp-content\/uploads\/2023\/06\/Sportowa-Natura-2023-Schronisko-Labowska-Hala-1024x768.jpg\" alt=\"\" class=\"wp-image-417\" srcset=\"https:\/\/sp15ns.pl\/wp-content\/uploads\/2023\/06\/Sportowa-Natura-2023-Schronisko-Labowska-Hala-1024x768.jpg 1024w, https:\/\/sp15ns.pl\/wp-content\/uploads\/2023\/06\/Sportowa-Natura-2023-Schronisko-Labowska-Hala-300x225.jpg 300w, https:\/\/sp15ns.pl\/wp-content\/uploads\/2023\/06\/Sportowa-Natura-2023-Schronisko-Labowska-Hala-768x576.jpg 768w, https:\/\/sp15ns.pl\/wp-content\/uploads\/2023\/06\/Sportowa-Natura-2023-Schronisko-Labowska-Hala-1536x1152.jpg 1536w, https:\/\/sp15ns.pl\/wp-content\/uploads\/2023\/06\/Sportowa-Natura-2023-Schronisko-Labowska-Hala.jpg 2000w\" sizes=\"(max-width: 1024px) 100vw, 1024px\" \/><\/figure>\n\n\n\n<figure class=\"wp-block-image size-large\"><img decoding=\"async\" width=\"1024\" height=\"768\" src=\"http:\/\/sp15ns.pl\/wp-content\/uploads\/2023\/06\/Sportowa-Natura-2023-prezentacja-zadania-grupowego-1024x768.jpg\" alt=\"\" class=\"wp-image-418\" srcset=\"https:\/\/sp15ns.pl\/wp-content\/uploads\/2023\/06\/Sportowa-Natura-2023-prezentacja-zadania-grupowego-1024x768.jpg 1024w, https:\/\/sp15ns.pl\/wp-content\/uploads\/2023\/06\/Sportowa-Natura-2023-prezentacja-zadania-grupowego-300x225.jpg 300w, https:\/\/sp15ns.pl\/wp-content\/uploads\/2023\/06\/Sportowa-Natura-2023-prezentacja-zadania-grupowego-768x576.jpg 768w, https:\/\/sp15ns.pl\/wp-content\/uploads\/2023\/06\/Sportowa-Natura-2023-prezentacja-zadania-grupowego-1536x1152.jpg 1536w, https:\/\/sp15ns.pl\/wp-content\/uploads\/2023\/06\/Sportowa-Natura-2023-prezentacja-zadania-grupowego.jpg 2000w\" sizes=\"(max-width: 1024px) 100vw, 1024px\" \/><\/figure>\n\n\n\n<figure class=\"wp-block-image size-large\"><img decoding=\"async\" width=\"1024\" height=\"768\" src=\"http:\/\/sp15ns.pl\/wp-content\/uploads\/2023\/06\/Sportowa-natura-2023-Feleczyn-1024x768.jpg\" alt=\"\" class=\"wp-image-419\" srcset=\"https:\/\/sp15ns.pl\/wp-content\/uploads\/2023\/06\/Sportowa-natura-2023-Feleczyn-1024x768.jpg 1024w, https:\/\/sp15ns.pl\/wp-content\/uploads\/2023\/06\/Sportowa-natura-2023-Feleczyn-300x225.jpg 300w, https:\/\/sp15ns.pl\/wp-content\/uploads\/2023\/06\/Sportowa-natura-2023-Feleczyn-768x576.jpg 768w, https:\/\/sp15ns.pl\/wp-content\/uploads\/2023\/06\/Sportowa-natura-2023-Feleczyn-1536x1152.jpg 1536w, https:\/\/sp15ns.pl\/wp-content\/uploads\/2023\/06\/Sportowa-natura-2023-Feleczyn.jpg 2000w\" sizes=\"(max-width: 1024px) 100vw, 1024px\" \/><\/figure>\n\n\n\n<figure class=\"wp-block-image size-large\"><img loading=\"lazy\" decoding=\"async\" width=\"1024\" height=\"768\" src=\"http:\/\/sp15ns.pl\/wp-content\/uploads\/2023\/06\/Sportowa-Natura-2023-spotkanie-z-lesnikiem-1024x768.jpg\" alt=\"\" class=\"wp-image-420\" srcset=\"https:\/\/sp15ns.pl\/wp-content\/uploads\/2023\/06\/Sportowa-Natura-2023-spotkanie-z-lesnikiem-1024x768.jpg 1024w, https:\/\/sp15ns.pl\/wp-content\/uploads\/2023\/06\/Sportowa-Natura-2023-spotkanie-z-lesnikiem-300x225.jpg 300w, https:\/\/sp15ns.pl\/wp-content\/uploads\/2023\/06\/Sportowa-Natura-2023-spotkanie-z-lesnikiem-768x576.jpg 768w, https:\/\/sp15ns.pl\/wp-content\/uploads\/2023\/06\/Sportowa-Natura-2023-spotkanie-z-lesnikiem-1536x1152.jpg 1536w, https:\/\/sp15ns.pl\/wp-content\/uploads\/2023\/06\/Sportowa-Natura-2023-spotkanie-z-lesnikiem.jpg 2040w\" sizes=\"(max-width: 1024px) 100vw, 1024px\" \/><\/figure>\n\n\n\n<figure class=\"wp-block-image size-large\"><img loading=\"lazy\" decoding=\"async\" width=\"1024\" height=\"768\" src=\"http:\/\/sp15ns.pl\/wp-content\/uploads\/2023\/06\/Sportowa-natura-2023-najmlodsza-gupa-1024x768.jpg\" alt=\"\" class=\"wp-image-421\" srcset=\"https:\/\/sp15ns.pl\/wp-content\/uploads\/2023\/06\/Sportowa-natura-2023-najmlodsza-gupa-1024x768.jpg 1024w, https:\/\/sp15ns.pl\/wp-content\/uploads\/2023\/06\/Sportowa-natura-2023-najmlodsza-gupa-300x225.jpg 300w, https:\/\/sp15ns.pl\/wp-content\/uploads\/2023\/06\/Sportowa-natura-2023-najmlodsza-gupa-768x576.jpg 768w, https:\/\/sp15ns.pl\/wp-content\/uploads\/2023\/06\/Sportowa-natura-2023-najmlodsza-gupa-1536x1152.jpg 1536w, https:\/\/sp15ns.pl\/wp-content\/uploads\/2023\/06\/Sportowa-natura-2023-najmlodsza-gupa.jpg 2000w\" sizes=\"(max-width: 1024px) 100vw, 1024px\" \/><\/figure>\n\n\n\n<figure class=\"wp-block-image size-large\"><img loading=\"lazy\" decoding=\"async\" width=\"1024\" height=\"768\" src=\"http:\/\/sp15ns.pl\/wp-content\/uploads\/2023\/06\/Sportowa-Natura-2023-Labowiec-1024x768.jpg\" alt=\"\" class=\"wp-image-422\" srcset=\"https:\/\/sp15ns.pl\/wp-content\/uploads\/2023\/06\/Sportowa-Natura-2023-Labowiec-1024x768.jpg 1024w, https:\/\/sp15ns.pl\/wp-content\/uploads\/2023\/06\/Sportowa-Natura-2023-Labowiec-300x225.jpg 300w, https:\/\/sp15ns.pl\/wp-content\/uploads\/2023\/06\/Sportowa-Natura-2023-Labowiec-768x576.jpg 768w, https:\/\/sp15ns.pl\/wp-content\/uploads\/2023\/06\/Sportowa-Natura-2023-Labowiec-1536x1152.jpg 1536w, https:\/\/sp15ns.pl\/wp-content\/uploads\/2023\/06\/Sportowa-Natura-2023-Labowiec.jpg 2000w\" sizes=\"(max-width: 1024px) 100vw, 1024px\" \/><\/figure>\n\n\n\n<figure class=\"wp-block-image size-large\"><img loading=\"lazy\" decoding=\"async\" width=\"1024\" height=\"768\" src=\"http:\/\/sp15ns.pl\/wp-content\/uploads\/2023\/06\/Sportowa-natura-2023-zejscie-do-Lomnicy-Zdroju-1024x768.jpg\" alt=\"\" class=\"wp-image-423\" srcset=\"https:\/\/sp15ns.pl\/wp-content\/uploads\/2023\/06\/Sportowa-natura-2023-zejscie-do-Lomnicy-Zdroju-1024x768.jpg 1024w, https:\/\/sp15ns.pl\/wp-content\/uploads\/2023\/06\/Sportowa-natura-2023-zejscie-do-Lomnicy-Zdroju-300x225.jpg 300w, https:\/\/sp15ns.pl\/wp-content\/uploads\/2023\/06\/Sportowa-natura-2023-zejscie-do-Lomnicy-Zdroju-768x576.jpg 768w, https:\/\/sp15ns.pl\/wp-content\/uploads\/2023\/06\/Sportowa-natura-2023-zejscie-do-Lomnicy-Zdroju-1536x1152.jpg 1536w, https:\/\/sp15ns.pl\/wp-content\/uploads\/2023\/06\/Sportowa-natura-2023-zejscie-do-Lomnicy-Zdroju.jpg 2000w\" sizes=\"(max-width: 1024px) 100vw, 1024px\" \/><\/figure>\n","protected":false},"excerpt":{"rendered":"<p>KOMUNIKAT &nbsp;&nbsp;&nbsp;&nbsp;&nbsp;&nbsp;&nbsp;&nbsp;&nbsp;&nbsp;&nbsp;&nbsp;&nbsp;&nbsp;&nbsp;&nbsp;&nbsp;&nbsp;&nbsp;&nbsp;&nbsp;&nbsp;&nbsp;&nbsp;&nbsp;&nbsp;Uczniowski Klub Sportowy \u017bAK dzia\u0142aj\u0105cy przy Szkole Podstawowej nr 15 w Nowym S\u0105czu opr\u00f3cz dzia\u0142alno\u015bci sportowej w zakresie koszyk\u00f3wki dziewcz\u0105t realizuje&nbsp;&nbsp;r\u00f3wnie\u017c inne&nbsp;&nbsp;programy edukacyjne.&nbsp; &nbsp;&nbsp;&nbsp;&nbsp;&nbsp;&nbsp;&nbsp;&nbsp;&nbsp;&nbsp;&nbsp;&nbsp;&nbsp;&nbsp;&nbsp;&nbsp;&nbsp;&nbsp;&nbsp;&nbsp;&nbsp;W tym roku zosta\u0142 beneficjentem og\u00f3lnopolskiego projektu Las\u00f3w Pa\u0144stwowych skierowanego do klub\u00f3w sportowych i w ramach tego projektu przeprowadzi\u0142&nbsp;&nbsp;&nbsp;marszobieg&nbsp;&nbsp;pod nazw\u0105 \u201e Trenuj z nami w Lasach Pa\u0144stwowych &#8211;&nbsp;&nbsp;gra terenowa na rozpocz\u0119cie &hellip; <\/p>\n<div class=\"link-more\"><a href=\"https:\/\/sp15ns.pl\/index.php\/sportowa-natura-2023\/\" class=\"more-link\">Read More<span class=\"screen-reader-text\"> &#8220;Sportowa Natura 2023&#8221;<\/span><\/a><\/div>\n","protected":false},"author":1,"featured_media":0,"parent":0,"menu_order":0,"comment_status":"closed","ping_status":"closed","template":"","meta":{"footnotes":""},"class_list":["post-416","page","type-page","status-publish","hentry"],"_links":{"self":[{"href":"https:\/\/sp15ns.pl\/index.php\/wp-json\/wp\/v2\/pages\/416","targetHints":{"allow":["GET"]}}],"collection":[{"href":"https:\/\/sp15ns.pl\/index.php\/wp-json\/wp\/v2\/pages"}],"about":[{"href":"https:\/\/sp15ns.pl\/index.php\/wp-json\/wp\/v2\/types\/page"}],"author":[{"embeddable":true,"href":"https:\/\/sp15ns.pl\/index.php\/wp-json\/wp\/v2\/users\/1"}],"replies":[{"embeddable":true,"href":"https:\/\/sp15ns.pl\/index.php\/wp-json\/wp\/v2\/comments?post=416"}],"version-history":[{"count":1,"href":"https:\/\/sp15ns.pl\/index.php\/wp-json\/wp\/v2\/pages\/416\/revisions"}],"predecessor-version":[{"id":425,"href":"https:\/\/sp15ns.pl\/index.php\/wp-json\/wp\/v2\/pages\/416\/revisions\/425"}],"wp:attachment":[{"href":"https:\/\/sp15ns.pl\/index.php\/wp-json\/wp\/v2\/media?parent=416"}],"curies":[{"name":"wp","href":"https:\/\/api.w.org\/{rel}","templated":true}]}}