{"id":30,"date":"2022-12-01T11:04:28","date_gmt":"2022-12-01T11:04:28","guid":{"rendered":"http:\/\/sp15ns.pl\/?page_id=30"},"modified":"2025-08-19T11:22:00","modified_gmt":"2025-08-19T11:22:00","slug":"home","status":"publish","type":"page","link":"https:\/\/sp15ns.pl\/","title":{"rendered":"ZSP9"},"content":{"rendered":"<div class=\"n2-section-smartslider fitvidsignore  n2_clear\" data-ssid=\"2\" tabindex=\"0\" role=\"region\" aria-label=\"Slider\"><div id=\"n2-ss-2-align\" class=\"n2-ss-align\"><div class=\"n2-padding\"><div id=\"n2-ss-2\" data-creator=\"Smart Slider 3\" data-responsive=\"fullwidth\" class=\"n2-ss-slider n2-ow n2-has-hover n2notransition  \">\n        <div class=\"n2-ss-slider-1 n2_ss__touch_element n2-ow\">\n            <div class=\"n2-ss-slider-2 n2-ow\">\n                                                <div class=\"n2-ss-slider-3 n2-ow\">\n\n                    <div class=\"n2-ss-slide-backgrounds n2-ow-all\"><div class=\"n2-ss-slide-background\" data-public-id=\"1\" data-mode=\"fill\"><div data-color=\"RGBA(0,0,0,1)\" style=\"background-color: RGBA(0,0,0,1);\" class=\"n2-ss-slide-background-color\"><\/div><\/div><div class=\"n2-ss-slide-background\" data-public-id=\"2\" data-mode=\"fill\"><div data-color=\"RGBA(255,255,255,0)\" style=\"background-color: RGBA(255,255,255,0);\" class=\"n2-ss-slide-background-color\"><\/div><\/div><div class=\"n2-ss-slide-background\" data-public-id=\"3\" data-mode=\"fill\"><div class=\"n2-ss-slide-background-image\" data-blur=\"0\" data-opacity=\"100\" data-x=\"50\" data-y=\"50\" data-alt=\"Sport\" data-title=\"\"><picture class=\"skip-lazy\" data-skip-lazy=\"1\"><img decoding=\"async\" src=\"\/\/sp15ns.pl\/wp-content\/uploads\/slider\/cache\/ea98e9a4153bf8f2553d55723d772ce3\/img_20191123_161108-scaled.jpg\" alt=\"Sport\" title=\"\" loading=\"lazy\" class=\"skip-lazy\" data-skip-lazy=\"1\"><\/picture><\/div><div data-color=\"RGBA(255,255,255,0)\" style=\"background-color: RGBA(255,255,255,0);\" class=\"n2-ss-slide-background-color\"><\/div><\/div><div class=\"n2-ss-slide-background\" data-public-id=\"4\" data-mode=\"fill\"><div class=\"n2-ss-slide-background-image\" data-blur=\"0\" data-opacity=\"100\" data-x=\"50\" data-y=\"50\" data-alt=\"Akademia\" data-title=\"\"><picture class=\"skip-lazy\" data-skip-lazy=\"1\"><img decoding=\"async\" src=\"\/\/sp15ns.pl\/wp-content\/uploads\/slider\/cache\/3ffd7cb9200719a71b66fbe638576b16\/20181011_100255-scaled.jpg\" alt=\"Akademia\" title=\"\" loading=\"lazy\" class=\"skip-lazy\" data-skip-lazy=\"1\"><\/picture><\/div><div data-color=\"RGBA(255,255,255,0)\" style=\"background-color: RGBA(255,255,255,0);\" class=\"n2-ss-slide-background-color\"><\/div><\/div><\/div>                    <div class=\"n2-ss-slider-4 n2-ow\">\n                        <svg xmlns=\"http:\/\/www.w3.org\/2000\/svg\" viewBox=\"0 0 1920 900\" data-related-device=\"desktopPortrait\" class=\"n2-ow n2-ss-preserve-size n2-ss-preserve-size--slider n2-ss-slide-limiter\"><\/svg><div data-first=\"1\" data-slide-duration=\"0\" data-id=\"3\" data-slide-public-id=\"1\" data-title=\"Block\" class=\"n2-ss-slide n2-ow  n2-ss-slide-3\"><div role=\"note\" class=\"n2-ss-slide--focus\" tabindex=\"-1\">Block<\/div><div class=\"n2-ss-layers-container n2-ss-slide-limiter n2-ow\"><div class=\"n2-ss-layer n2-ow n-uc-GTVkd2sRHZ3m\" data-sstype=\"slide\" data-pm=\"default\"><div class=\"n2-ss-layer n2-ow n-uc-15fa4bef99cc0\" data-pm=\"default\" data-sstype=\"content\" data-hasbackground=\"1\"><div class=\"n2-ss-section-main-content n2-ss-layer-with-background n2-ss-layer-content n2-ow n-uc-15fa4bef99cc0-inner\"><div class=\"n2-ss-layer n2-ow n2-ss-layer--block n2-ss-has-self-align n-uc-14d63346aa3d8\" data-pm=\"normal\" data-sstype=\"row\"><div class=\"n2-ss-layer-row n2-ss-layer-with-background n-uc-14d63346aa3d8-inner\"><div class=\"n2-ss-layer-row-inner \"><div class=\"n2-ss-layer n2-ow n-uc-1baf98f540e2f\" data-pm=\"default\" data-sstype=\"col\"><div class=\"n2-ss-layer-col n2-ss-layer-with-background n2-ss-layer-content n-uc-1baf98f540e2f-inner\"><\/div><\/div><\/div><\/div><\/div><div class=\"n2-ss-layer n2-ow n2-ss-layer--block n2-ss-has-self-align n2-ss-stretch-layer n-uc-193a3398aea58\" data-pm=\"normal\" data-sstype=\"row\"><div class=\"n2-ss-layer-row n2-ss-layer-with-background n-uc-193a3398aea58-inner\"><div class=\"n2-ss-layer-row-inner \"><div class=\"n2-ss-layer n2-ow n-uc-1c11bb09d6750\" data-pm=\"default\" data-sstype=\"col\"><div class=\"n2-ss-layer-col n2-ss-layer-with-background n2-ss-layer-content n-uc-1c11bb09d6750-inner\"><div class=\"n2-ss-layer n2-ow n2-ss-layer--block n2-ss-has-self-align n2-ss-stretch-layer n-uc-18660f797207e\" data-pm=\"normal\" data-sstype=\"row\"><div class=\"n2-ss-layer-row n2-ss-layer-with-background n-uc-18660f797207e-inner\"><div class=\"n2-ss-layer-row-inner \"><div class=\"n2-ss-layer n2-ow n-uc-1cfd633c7c0bb\" data-pm=\"default\" data-sstype=\"col\"><div class=\"n2-ss-layer-col n2-ss-layer-with-background n2-ss-layer-content n-uc-1cfd633c7c0bb-inner\"><div class=\"n2-ss-layer n2-ow n-uc-OhgXW1Kn0ozw\" data-pm=\"normal\" data-sstype=\"layer\"><div id=\"n2-ss-2item1\" class=\"n2-font-6355b4594cd656f55741b8e94622d76e-hover   n2-ss-item-content n2-ss-text n2-ow\" style=\"display:block;\">Witamy<\/div><\/div><div class=\"n2-ss-layer n2-ow n-uc-jCsBUmWQtgJ1\" data-pm=\"normal\" data-sstype=\"layer\"><div class=\"n2-ss-item-content n2-ss-text n2-ow-all\"><div class=\"\"><p class=\"n2-font-a1c8fbe94a04eb7cc3efd83224987f85-paragraph   \">Zesp\u00f3\u0142 Szkolno-Przedszkolny nr 9<\/p>\n<\/div><\/div><\/div><\/div><\/div><\/div><\/div><\/div><div class=\"n2-ss-layer n2-ow n-uc-w9KrhCSIWk1u\" data-pm=\"normal\" data-sstype=\"layer\"><div id=\"n2-ss-2item3\" class=\"n2-font-b2efdca1be6b913634dae72a50b459bb-hover   n2-ss-item-content n2-ss-text n2-ow\" style=\"display:block;\">STAY IN TOUCH<\/div><\/div><div class=\"n2-ss-layer n2-ow n2-ss-layer--auto n2-ss-has-self-align n-uc-1c65035e21372\" data-pm=\"normal\" data-sstype=\"row\"><div class=\"n2-ss-layer-row n2-ss-layer-with-background n-uc-1c65035e21372-inner\"><div class=\"n2-ss-layer-row-inner \"><div class=\"n2-ss-layer n2-ow n-uc-1d822c1b888cc\" data-pm=\"default\" data-sstype=\"col\"><div class=\"n2-ss-layer-col n2-ss-layer-with-background n2-ss-layer-content n-uc-1d822c1b888cc-inner\"><div class=\"n2-ss-layer n2-ow n-uc-sFMozDgVyQhb\" data-pm=\"normal\" data-sstype=\"layer\"><div class=\" n2-ss-item-image-content n2-ss-item-content n2-ow-all\"><img decoding=\"async\" id=\"n2-ss-2item4\" alt=\"\" class=\"skip-lazy\" width=\"30\" height=\"30\" data-skip-lazy=\"1\" src=\"\/\/sp15ns.pl\/wp-content\/uploads\/slider2\/facebook.png\" \/><\/div><\/div><\/div><\/div><div class=\"n2-ss-layer n2-ow n-uc-1ef7b569fc633\" data-pm=\"default\" data-sstype=\"col\"><div class=\"n2-ss-layer-col n2-ss-layer-with-background n2-ss-layer-content n-uc-1ef7b569fc633-inner\"><div class=\"n2-ss-layer n2-ow n-uc-jomV8tqvlG9B\" data-pm=\"normal\" data-sstype=\"layer\"><div class=\" n2-ss-item-image-content n2-ss-item-content n2-ow-all\"><img decoding=\"async\" id=\"n2-ss-2item5\" alt=\"\" class=\"skip-lazy\" width=\"30\" height=\"30\" data-skip-lazy=\"1\" src=\"\/\/sp15ns.pl\/wp-content\/uploads\/slider2\/instagram.png\" \/><\/div><\/div><\/div><\/div><div class=\"n2-ss-layer n2-ow n-uc-1088fc27d2eff\" data-pm=\"default\" data-sstype=\"col\"><div class=\"n2-ss-layer-col n2-ss-layer-with-background n2-ss-layer-content n-uc-1088fc27d2eff-inner\"><div class=\"n2-ss-layer n2-ow n-uc-aFkg1nIRsckw\" data-pm=\"normal\" data-sstype=\"layer\"><div class=\" n2-ss-item-image-content n2-ss-item-content n2-ow-all\"><img decoding=\"async\" id=\"n2-ss-2item6\" alt=\"\" class=\"skip-lazy\" width=\"30\" height=\"30\" data-skip-lazy=\"1\" src=\"\/\/sp15ns.pl\/wp-content\/uploads\/slider2\/youtube.png\" \/><\/div><\/div><\/div><\/div><\/div><\/div><\/div><\/div><\/div><\/div><\/div><\/div><\/div><\/div><\/div><\/div><\/div><div data-slide-duration=\"0\" data-id=\"4\" data-slide-public-id=\"2\" data-title=\"szkola\" class=\"n2-ss-slide n2-ow  n2-ss-slide-4\"><div role=\"note\" class=\"n2-ss-slide--focus\" tabindex=\"-1\">szkola<\/div><div class=\"n2-ss-layers-container n2-ss-slide-limiter n2-ow\"><div class=\"n2-ss-layer n2-ow n-uc-zn2NqCAtFT3w\" data-sstype=\"slide\" data-pm=\"default\"><div class=\"n2-ss-layer n2-ow n-uc-ClfzAgta6z04\" data-pm=\"default\" data-sstype=\"content\" data-hasbackground=\"0\"><div class=\"n2-ss-section-main-content n2-ss-layer-with-background n2-ss-layer-content n2-ow n-uc-ClfzAgta6z04-inner\"><div class=\"n2-ss-layer n2-ow n-uc-UlqyJX9SOSME\" data-pm=\"normal\" data-sstype=\"layer\"><\/div><div class=\"n2-ss-layer n2-ow n-uc-HCKI4yBgDLk1\" data-pm=\"normal\" data-sstype=\"layer\"><div id=\"n2-ss-2item8\" class=\"n2-font-577e3e94d392c80545fffaf7623e9404-hover   n2-ss-item-content n2-ss-text n2-ow\" style=\"display:block;\">fajna-szkola.pl<\/div><\/div><div class=\"n2-ss-layer n2-ow n-uc-WBIycLoSTWCV\" data-pm=\"normal\" data-sstype=\"layer\"><div class=\" n2-ss-item-image-content n2-ss-item-content n2-ow-all\"><img loading=\"lazy\" decoding=\"async\" id=\"n2-ss-2item9\" alt=\"Dzie\u0144 europejski\" class=\"skip-lazy\" loading=\"lazy\" width=\"1280\" height=\"960\" data-skip-lazy=\"1\" src=\"\/\/sp15ns.pl\/wp-content\/uploads\/2022\/12\/dziec584-europejski-159.jpg\" \/><\/div><\/div><\/div><\/div><\/div><\/div><\/div><div data-slide-duration=\"0\" data-id=\"6\" data-slide-public-id=\"3\" data-title=\"Sport\" class=\"n2-ss-slide n2-ow  n2-ss-slide-6\"><div role=\"note\" class=\"n2-ss-slide--focus\" tabindex=\"-1\">Sport<\/div><div class=\"n2-ss-layers-container n2-ss-slide-limiter n2-ow\"><div class=\"n2-ss-layer n2-ow n-uc-hnx6vMU7A0Ea\" data-sstype=\"slide\" data-pm=\"default\"><\/div><\/div><\/div><div data-slide-duration=\"0\" data-id=\"7\" data-slide-public-id=\"4\" data-title=\"Akademia\" class=\"n2-ss-slide n2-ow  n2-ss-slide-7\"><div role=\"note\" class=\"n2-ss-slide--focus\" tabindex=\"-1\">Akademia<\/div><div class=\"n2-ss-layers-container n2-ss-slide-limiter n2-ow\"><div class=\"n2-ss-layer n2-ow n-uc-fSAt5Ea19qmv\" data-sstype=\"slide\" data-pm=\"default\"><\/div><\/div><\/div>                    <\/div>\n\n                                    <\/div>\n            <\/div>\n        <\/div>\n        <\/div><ss3-loader><\/ss3-loader><\/div><\/div><div class=\"n2_clear\"><\/div><\/div>\n\n\n<p>Strona w budowie.<\/p>\n\n\n\n<p><\/p>\n\n\n\n<p class=\"has-text-align-center\">Uroczyste rozpocz\u0119cie roku szkolnego 2025\/2026<\/p>\n\n\n\n<p>Klasy 1-3 oraz Przedszkole \u2013 godzina 9:00<\/p>\n\n\n\n<p>Klasy 4-8 \u2013 godzina 10:00<\/p>\n\n\n\n<p>Msza \u015bwi\u0119ta na rozpocz\u0119cie roku szkolnego 01.09.2025 ( poniedzia\u0142ek godzina 16:30) w Ko\u015bciele Naj\u015bwi\u0119tszego Serca Pana Jezusa w Nowym S\u0105czu<\/p>\n\n\n\n<p><\/p>\n\n\n\n<p class=\"has-text-align-center\"><strong>Informacja dla rodzic\u00f3w uczni\u00f3w klas pierwszych<\/strong><\/p>\n\n\n\n<p><strong>Szanowni Rodzice!<\/strong><\/p>\n\n\n\n<p>Podr\u0119czniki i \u0107wiczenia do klasy pierwszej oraz podr\u0119czniki i \u0107wiczenia do j\u0119zyka angielskiego uczniowie otrzymaj\u0105 w szkole.<\/p>\n\n\n\n<p>Ksi\u0105\u017cki s\u0105 w\u0142asno\u015bci\u0105 szko\u0142y, wypo\u017cyczone zostan\u0105 na rok ka\u017cdemu dziecku. Materia\u0142y \u0107wiczeniowe b\u0119d\u0105 przekazane bez obowi\u0105zku zwrotu. Podr\u0119czniki prosimy oprawi\u0107<br>w prze\u017aroczyste oprawki.<\/p>\n\n\n\n<p>Podr\u0119cznik do religii wraz z \u0107wiczeniami&nbsp;<strong>nale\u017cy zakupi\u0107 we w\u0142asnym zakresie <\/strong>\u201eB\u00f3g \u2013 nasz Ojciec\u201d Podr\u0119cznik + zeszyt \u0107wicze\u0144 W\u0142. Kubik SJ<\/p>\n\n\n\n<figure class=\"wp-block-image size-large is-resized\"><img loading=\"lazy\" decoding=\"async\" width=\"724\" height=\"1024\" src=\"https:\/\/sp15ns.pl\/wp-content\/uploads\/2025\/08\/Wyprawka-kl.1-724x1024.png\" alt=\"\" class=\"wp-image-597\" style=\"width:1070px;height:auto\" srcset=\"https:\/\/sp15ns.pl\/wp-content\/uploads\/2025\/08\/Wyprawka-kl.1-724x1024.png 724w, https:\/\/sp15ns.pl\/wp-content\/uploads\/2025\/08\/Wyprawka-kl.1-212x300.png 212w, https:\/\/sp15ns.pl\/wp-content\/uploads\/2025\/08\/Wyprawka-kl.1-768x1087.png 768w, https:\/\/sp15ns.pl\/wp-content\/uploads\/2025\/08\/Wyprawka-kl.1-1085x1536.png 1085w, https:\/\/sp15ns.pl\/wp-content\/uploads\/2025\/08\/Wyprawka-kl.1-1447x2048.png 1447w, https:\/\/sp15ns.pl\/wp-content\/uploads\/2025\/08\/Wyprawka-kl.1-scaled.png 1809w\" sizes=\"(max-width: 724px) 100vw, 724px\" \/><\/figure>\n\n\n\n<figure class=\"wp-block-image size-full is-resized\"><img loading=\"lazy\" decoding=\"async\" width=\"720\" height=\"926\" src=\"https:\/\/sp15ns.pl\/wp-content\/uploads\/2025\/06\/dof1.png\" alt=\"\" class=\"wp-image-582\" style=\"width:827px;height:auto\" srcset=\"https:\/\/sp15ns.pl\/wp-content\/uploads\/2025\/06\/dof1.png 720w, https:\/\/sp15ns.pl\/wp-content\/uploads\/2025\/06\/dof1-233x300.png 233w\" sizes=\"(max-width: 720px) 100vw, 720px\" \/><\/figure>\n\n\n\n<figure class=\"wp-block-embed is-type-video is-provider-youtube wp-block-embed-youtube wp-embed-aspect-16-9 wp-has-aspect-ratio\"><div class=\"wp-block-embed__wrapper\">\n<iframe title=\"60 lecie Szko\u0142y\" width=\"525\" height=\"295\" src=\"https:\/\/www.youtube.com\/embed\/ALI42Zouh5w?feature=oembed\" frameborder=\"0\" allow=\"accelerometer; autoplay; clipboard-write; encrypted-media; gyroscope; picture-in-picture; web-share\" referrerpolicy=\"strict-origin-when-cross-origin\" allowfullscreen><\/iframe>\n<\/div><\/figure>\n\n\n\n<div class=\"wp-block-file\"><a id=\"wp-block-file--media-3844bf9b-92cf-4b10-a988-8c4058b6f26f\" href=\"https:\/\/sp15ns.pl\/wp-content\/uploads\/2025\/03\/Regulamin-Szkolnego-Konkursu-Plastycznego.pdf\">Regulamin Szkolnego Konkursu Plastycznego<\/a><a href=\"https:\/\/sp15ns.pl\/wp-content\/uploads\/2025\/03\/Regulamin-Szkolnego-Konkursu-Plastycznego.pdf\" class=\"wp-block-file__button wp-element-button\" download aria-describedby=\"wp-block-file--media-3844bf9b-92cf-4b10-a988-8c4058b6f26f\">Download<\/a><\/div>\n\n\n\n<figure class=\"wp-block-image size-full is-resized is-style-default\"><img loading=\"lazy\" decoding=\"async\" width=\"660\" height=\"902\" src=\"https:\/\/sp15ns.pl\/wp-content\/uploads\/2025\/02\/strona-konkirs.jpg\" alt=\"\" class=\"wp-image-532\" style=\"width:803px;height:auto\" srcset=\"https:\/\/sp15ns.pl\/wp-content\/uploads\/2025\/02\/strona-konkirs.jpg 660w, https:\/\/sp15ns.pl\/wp-content\/uploads\/2025\/02\/strona-konkirs-220x300.jpg 220w\" sizes=\"(max-width: 660px) 100vw, 660px\" \/><\/figure>\n\n\n\n<div class=\"wp-block-file\"><a id=\"wp-block-file--media-2316a746-d290-4971-9ab5-c1eba5e8a5cd\" href=\"https:\/\/sp15ns.pl\/wp-content\/uploads\/2025\/02\/zal.-1-Regulamin-konkursu-poetyckiego-JUBILEUSZ-60-LECIA-SZKOLY.pdf\">za\u0142. 1 Regulamin konkursu poetyckiego JUBILEUSZ 60 LECIA SZKO\u0141Y<\/a><a href=\"https:\/\/sp15ns.pl\/wp-content\/uploads\/2025\/02\/zal.-1-Regulamin-konkursu-poetyckiego-JUBILEUSZ-60-LECIA-SZKOLY.pdf\" class=\"wp-block-file__button wp-element-button\" download aria-describedby=\"wp-block-file--media-2316a746-d290-4971-9ab5-c1eba5e8a5cd\">Download<\/a><\/div>\n\n\n\n<div class=\"wp-block-file\"><a id=\"wp-block-file--media-e50fb85b-c78c-45df-8d58-2177ebc8a528\" href=\"https:\/\/sp15ns.pl\/wp-content\/uploads\/2025\/02\/zal.-2-Zgoda-dane-osobowe-konkurs-poetycki-JUBILEUSZ-60-LECIA-SZKOLY.pdf\">za\u0142. 2 Zgoda dane osobowe konkurs poetycki JUBILEUSZ 60 LECIA SZKO\u0141Y<\/a><a href=\"https:\/\/sp15ns.pl\/wp-content\/uploads\/2025\/02\/zal.-2-Zgoda-dane-osobowe-konkurs-poetycki-JUBILEUSZ-60-LECIA-SZKOLY.pdf\" class=\"wp-block-file__button wp-element-button\" download aria-describedby=\"wp-block-file--media-e50fb85b-c78c-45df-8d58-2177ebc8a528\">Download<\/a><\/div>\n\n\n\n<p><\/p>\n\n\n\n<figure class=\"wp-block-image size-large is-resized\"><img loading=\"lazy\" decoding=\"async\" width=\"724\" height=\"1024\" src=\"http:\/\/sp15ns.pl\/wp-content\/uploads\/2024\/08\/ulotkainformacyjnamen_pl-724x1024.jpg\" alt=\"\" class=\"wp-image-492\" style=\"width:717px;height:auto\" srcset=\"https:\/\/sp15ns.pl\/wp-content\/uploads\/2024\/08\/ulotkainformacyjnamen_pl-724x1024.jpg 724w, https:\/\/sp15ns.pl\/wp-content\/uploads\/2024\/08\/ulotkainformacyjnamen_pl-212x300.jpg 212w, https:\/\/sp15ns.pl\/wp-content\/uploads\/2024\/08\/ulotkainformacyjnamen_pl-768x1086.jpg 768w, https:\/\/sp15ns.pl\/wp-content\/uploads\/2024\/08\/ulotkainformacyjnamen_pl-1086x1536.jpg 1086w, https:\/\/sp15ns.pl\/wp-content\/uploads\/2024\/08\/ulotkainformacyjnamen_pl.jpg 1240w\" sizes=\"(max-width: 724px) 100vw, 724px\" \/><\/figure>\n\n\n\n<p><\/p>\n\n\n\n<figure class=\"wp-block-image size-large is-resized\"><img loading=\"lazy\" decoding=\"async\" width=\"724\" height=\"1024\" src=\"http:\/\/sp15ns.pl\/wp-content\/uploads\/2024\/08\/ulotkainformacyjnamen_ua-724x1024.jpg\" alt=\"\" class=\"wp-image-493\" style=\"width:719px;height:auto\" srcset=\"https:\/\/sp15ns.pl\/wp-content\/uploads\/2024\/08\/ulotkainformacyjnamen_ua-724x1024.jpg 724w, https:\/\/sp15ns.pl\/wp-content\/uploads\/2024\/08\/ulotkainformacyjnamen_ua-212x300.jpg 212w, https:\/\/sp15ns.pl\/wp-content\/uploads\/2024\/08\/ulotkainformacyjnamen_ua-768x1086.jpg 768w, https:\/\/sp15ns.pl\/wp-content\/uploads\/2024\/08\/ulotkainformacyjnamen_ua-1086x1536.jpg 1086w, https:\/\/sp15ns.pl\/wp-content\/uploads\/2024\/08\/ulotkainformacyjnamen_ua.jpg 1240w\" sizes=\"(max-width: 724px) 100vw, 724px\" \/><\/figure>\n\n\n\n<p>Drodzy rodzice, pr\u0119\u017cnie dzia\u0142aj\u0105ca Rada Rodzic\u00f3w w naszej szkole informuje, \u017ce uda\u0142o si\u0119 pozyska\u0107 sponsora na pi\u0119kne, kolorowe naklejki na schody. Wielkie podzi\u0119kowania sk\u0142adamy firmie STS-COM i Panu Rados\u0142awowi za mi\u0142y gest. \ud83e\udd70<\/p>\n\n\n\n<p>Dzieciaki s\u0105 zachwycone .&nbsp;<\/p>\n\n\n\n<figure class=\"wp-block-image size-large\"><img loading=\"lazy\" decoding=\"async\" width=\"768\" height=\"1024\" src=\"http:\/\/sp15ns.pl\/wp-content\/uploads\/2024\/01\/received_3705616339655688-768x1024.jpeg\" alt=\"\" class=\"wp-image-468\" srcset=\"https:\/\/sp15ns.pl\/wp-content\/uploads\/2024\/01\/received_3705616339655688-768x1024.jpeg 768w, https:\/\/sp15ns.pl\/wp-content\/uploads\/2024\/01\/received_3705616339655688-225x300.jpeg 225w, https:\/\/sp15ns.pl\/wp-content\/uploads\/2024\/01\/received_3705616339655688-1152x1536.jpeg 1152w, https:\/\/sp15ns.pl\/wp-content\/uploads\/2024\/01\/received_3705616339655688.jpeg 1536w\" sizes=\"(max-width: 768px) 100vw, 768px\" \/><\/figure>\n\n\n\n<figure class=\"wp-block-image size-large\"><img loading=\"lazy\" decoding=\"async\" width=\"768\" height=\"1024\" src=\"http:\/\/sp15ns.pl\/wp-content\/uploads\/2024\/01\/received_1104100257251813-768x1024.jpeg\" alt=\"\" class=\"wp-image-466\" srcset=\"https:\/\/sp15ns.pl\/wp-content\/uploads\/2024\/01\/received_1104100257251813-768x1024.jpeg 768w, https:\/\/sp15ns.pl\/wp-content\/uploads\/2024\/01\/received_1104100257251813-225x300.jpeg 225w, https:\/\/sp15ns.pl\/wp-content\/uploads\/2024\/01\/received_1104100257251813-1152x1536.jpeg 1152w, https:\/\/sp15ns.pl\/wp-content\/uploads\/2024\/01\/received_1104100257251813.jpeg 1536w\" sizes=\"(max-width: 768px) 100vw, 768px\" \/><\/figure>\n\n\n\n<p>Do tej pory Rada Rodzic\u00f3w od\u015bwie\u017cy\u0142a jad\u0142odajnie i zakupi\u0142a kolorowe poduchy do relaksu, jak informuje rada wkr\u00f3tce kolejne pomys\u0142y zostan\u0105 zrealizowane. Nasza szko\u0142a pi\u0119knieje, dzi\u0119ki Magdalenie Matusik i Agnieszce Krerowicz.<\/p>\n\n\n\n<figure class=\"wp-block-image size-large\"><img loading=\"lazy\" decoding=\"async\" width=\"1024\" height=\"851\" src=\"http:\/\/sp15ns.pl\/wp-content\/uploads\/2024\/01\/Skan_20240115-1024x851.jpg\" alt=\"\" class=\"wp-image-463\" srcset=\"https:\/\/sp15ns.pl\/wp-content\/uploads\/2024\/01\/Skan_20240115-1024x851.jpg 1024w, https:\/\/sp15ns.pl\/wp-content\/uploads\/2024\/01\/Skan_20240115-300x249.jpg 300w, https:\/\/sp15ns.pl\/wp-content\/uploads\/2024\/01\/Skan_20240115-768x638.jpg 768w, https:\/\/sp15ns.pl\/wp-content\/uploads\/2024\/01\/Skan_20240115-1536x1276.jpg 1536w, https:\/\/sp15ns.pl\/wp-content\/uploads\/2024\/01\/Skan_20240115.jpg 2027w\" sizes=\"(max-width: 1024px) 100vw, 1024px\" \/><\/figure>\n\n\n\n<figure class=\"wp-block-image size-large\"><img loading=\"lazy\" decoding=\"async\" width=\"1024\" height=\"896\" src=\"http:\/\/sp15ns.pl\/wp-content\/uploads\/2024\/01\/Skan_20240115-2-1024x896.jpg\" alt=\"\" class=\"wp-image-464\" srcset=\"https:\/\/sp15ns.pl\/wp-content\/uploads\/2024\/01\/Skan_20240115-2-1024x896.jpg 1024w, https:\/\/sp15ns.pl\/wp-content\/uploads\/2024\/01\/Skan_20240115-2-300x263.jpg 300w, https:\/\/sp15ns.pl\/wp-content\/uploads\/2024\/01\/Skan_20240115-2-768x672.jpg 768w, https:\/\/sp15ns.pl\/wp-content\/uploads\/2024\/01\/Skan_20240115-2-1536x1344.jpg 1536w, https:\/\/sp15ns.pl\/wp-content\/uploads\/2024\/01\/Skan_20240115-2.jpg 1956w\" sizes=\"(max-width: 1024px) 100vw, 1024px\" \/><\/figure>\n\n\n\n<a href=\"http:\/\/sp15ns.pl\/index.php\/przygotowania-do-ewentualnego-zagrozenia-radiologicznego\/\"><span style=\"color: black\">Przygotowania do ewentualnego zagro\u017cenia radiologicznego<\/span><\/a>\n\n\n\n<p><\/p>\n\n\n\n<figure class=\"wp-block-image size-large is-resized\"><img loading=\"lazy\" decoding=\"async\" width=\"1024\" height=\"81\" src=\"http:\/\/sp15ns.pl\/wp-content\/uploads\/2022\/12\/logoproj-1024x81.png\" alt=\"\" class=\"wp-image-102\" style=\"width:1074px;height:85px\" srcset=\"https:\/\/sp15ns.pl\/wp-content\/uploads\/2022\/12\/logoproj-1024x81.png 1024w, https:\/\/sp15ns.pl\/wp-content\/uploads\/2022\/12\/logoproj-300x24.png 300w, https:\/\/sp15ns.pl\/wp-content\/uploads\/2022\/12\/logoproj-768x61.png 768w, https:\/\/sp15ns.pl\/wp-content\/uploads\/2022\/12\/logoproj-1536x121.png 1536w, https:\/\/sp15ns.pl\/wp-content\/uploads\/2022\/12\/logoproj.png 1783w\" sizes=\"(max-width: 1024px) 100vw, 1024px\" \/><\/figure>\n\n\n\n<p>Zesp\u00f3\u0142 Szkolno-Przedszkolny nr 9<\/p>\n\n\n\n<p>ul. 29 Listopada 22<\/p>\n\n\n\n<p>33-300 Nowy S\u0105cz<\/p>\n\n\n\n<p>tel. 18 442 17 01<\/p>\n\n\n\n<p>zspgns15@wp.pl<\/p>\n\n\n","protected":false},"excerpt":{"rendered":"<p>Strona w budowie. Uroczyste rozpocz\u0119cie roku szkolnego 2025\/2026 Klasy 1-3 oraz Przedszkole \u2013 godzina 9:00 Klasy 4-8 \u2013 godzina 10:00 Msza \u015bwi\u0119ta na rozpocz\u0119cie roku szkolnego 01.09.2025 ( poniedzia\u0142ek godzina 16:30) w Ko\u015bciele Naj\u015bwi\u0119tszego Serca Pana Jezusa w Nowym S\u0105czu Informacja dla rodzic\u00f3w uczni\u00f3w klas pierwszych Szanowni Rodzice! Podr\u0119czniki i \u0107wiczenia do klasy pierwszej oraz &hellip; <\/p>\n<div class=\"link-more\"><a href=\"https:\/\/sp15ns.pl\/\" class=\"more-link\">Read More<span class=\"screen-reader-text\"> &#8220;ZSP9&#8221;<\/span><\/a><\/div>\n","protected":false},"author":1,"featured_media":0,"parent":0,"menu_order":0,"comment_status":"closed","ping_status":"closed","template":"","meta":{"footnotes":"[]"},"class_list":["post-30","page","type-page","status-publish","hentry"],"_links":{"self":[{"href":"https:\/\/sp15ns.pl\/index.php\/wp-json\/wp\/v2\/pages\/30","targetHints":{"allow":["GET"]}}],"collection":[{"href":"https:\/\/sp15ns.pl\/index.php\/wp-json\/wp\/v2\/pages"}],"about":[{"href":"https:\/\/sp15ns.pl\/index.php\/wp-json\/wp\/v2\/types\/page"}],"author":[{"embeddable":true,"href":"https:\/\/sp15ns.pl\/index.php\/wp-json\/wp\/v2\/users\/1"}],"replies":[{"embeddable":true,"href":"https:\/\/sp15ns.pl\/index.php\/wp-json\/wp\/v2\/comments?post=30"}],"version-history":[{"count":41,"href":"https:\/\/sp15ns.pl\/index.php\/wp-json\/wp\/v2\/pages\/30\/revisions"}],"predecessor-version":[{"id":600,"href":"https:\/\/sp15ns.pl\/index.php\/wp-json\/wp\/v2\/pages\/30\/revisions\/600"}],"wp:attachment":[{"href":"https:\/\/sp15ns.pl\/index.php\/wp-json\/wp\/v2\/media?parent=30"}],"curies":[{"name":"wp","href":"https:\/\/api.w.org\/{rel}","templated":true}]}}