{"id":158,"date":"2022-12-05T10:19:53","date_gmt":"2022-12-05T10:19:53","guid":{"rendered":"http:\/\/sp15ns.pl\/?page_id=158"},"modified":"2025-07-05T20:28:18","modified_gmt":"2025-07-05T20:28:18","slug":"podreczniki","status":"publish","type":"page","link":"https:\/\/sp15ns.pl\/index.php\/podreczniki\/","title":{"rendered":"Podr\u0119czniki"},"content":{"rendered":"\n<div class=\"wp-block-file\"><a id=\"wp-block-file--media-f6884734-ddbd-4a39-ac88-32355927a708\" href=\"https:\/\/sp15ns.pl\/wp-content\/uploads\/2025\/07\/podreczniki-2025-2026.pdf\">Podre\u0328czniki 2025 2026<\/a><a href=\"https:\/\/sp15ns.pl\/wp-content\/uploads\/2025\/07\/podreczniki-2025-2026.pdf\" class=\"wp-block-file__button wp-element-button\" download aria-describedby=\"wp-block-file--media-f6884734-ddbd-4a39-ac88-32355927a708\">Download<\/a><\/div>\n\n\n\n<ul class=\"wp-block-list\">\n<li>Podr\u0119czniki do wszystkich klas szko\u0142y podstawowej na rok szkolny 2025\/2026 <\/li>\n\n\n\n<li>uczniowie wypo\u017cyczaj\u0105 w bibliotece szkolnej.<\/li>\n\n\n\n<li>Dla dzieci przedszkolnych ksi\u0105\u017cki zakupuj\u0105 rodzice<\/li>\n<\/ul>\n","protected":false},"excerpt":{"rendered":"","protected":false},"author":1,"featured_media":0,"parent":0,"menu_order":0,"comment_status":"closed","ping_status":"closed","template":"","meta":{"footnotes":""},"class_list":["post-158","page","type-page","status-publish","hentry"],"_links":{"self":[{"href":"https:\/\/sp15ns.pl\/index.php\/wp-json\/wp\/v2\/pages\/158","targetHints":{"allow":["GET"]}}],"collection":[{"href":"https:\/\/sp15ns.pl\/index.php\/wp-json\/wp\/v2\/pages"}],"about":[{"href":"https:\/\/sp15ns.pl\/index.php\/wp-json\/wp\/v2\/types\/page"}],"author":[{"embeddable":true,"href":"https:\/\/sp15ns.pl\/index.php\/wp-json\/wp\/v2\/users\/1"}],"replies":[{"embeddable":true,"href":"https:\/\/sp15ns.pl\/index.php\/wp-json\/wp\/v2\/comments?post=158"}],"version-history":[{"count":7,"href":"https:\/\/sp15ns.pl\/index.php\/wp-json\/wp\/v2\/pages\/158\/revisions"}],"predecessor-version":[{"id":590,"href":"https:\/\/sp15ns.pl\/index.php\/wp-json\/wp\/v2\/pages\/158\/revisions\/590"}],"wp:attachment":[{"href":"https:\/\/sp15ns.pl\/index.php\/wp-json\/wp\/v2\/media?parent=158"}],"curies":[{"name":"wp","href":"https:\/\/api.w.org\/{rel}","templated":true}]}}