{"id":148,"date":"2022-12-05T09:53:56","date_gmt":"2022-12-05T09:53:56","guid":{"rendered":"http:\/\/sp15ns.pl\/?page_id=148"},"modified":"2022-12-05T09:53:56","modified_gmt":"2022-12-05T09:53:56","slug":"kossm-pzkosz","status":"publish","type":"page","link":"https:\/\/sp15ns.pl\/index.php\/kossm-pzkosz\/","title":{"rendered":"KOSSM PZKosz"},"content":{"rendered":"\n<p>KOSSM PZKOSZ NOWY S\u0104CZ<\/p>\n\n\n\n<p>Koszykarski O\u015brodek Szkolenia Sportowego M\u0142odzie\u017cy funkcjonuje&nbsp;na terenie Szko\u0142y Podstawowej nr 15 w Nowym S\u0105czu od wrze\u015bnia 2015 roku.&nbsp;Jest to projekt og\u00f3lnopolski realizowany przez Polski Zwi\u0105zek Koszyk\u00f3wki&nbsp;w porozumieniu z Ministerstwem Sportu i Turystyki oraz Prezydentem Miasta N. S\u0105cza i ma&nbsp;na celu szkolenie sportowe najbardziej uzdolnionych koszykarsko dziewcz\u0105t z&nbsp;rocznik\u00f3w 2003-2005&nbsp; tj z klas 7-8 i III klasy gimnazjum.<\/p>\n\n\n\n<p>W pierwszym semestrze roku szkolnego 2018\/19 szkoleniem sportowym&nbsp;obj\u0119tych jest 15 zawodniczek.<\/p>\n\n\n\n<p>Dyrektorem szko\u0142y przy kt\u00f3rej funkcjonuje o\u015brodek jest p. mgr  Iwona Duda<\/p>\n\n\n\n<p>Trenerem g\u0142\u00f3wnym jest p. Leszek Obrzut- trener II klasy koszyk\u00f3wki z 30 letnim sta\u017cem.<\/p>\n\n\n\n<p>Trenerem motoryki jest p. Tomasz Obrzut- trener II klasy koszyk\u00f3wki i trener personalny.<\/p>\n\n\n\n<p>Funkcje fizjoterapeuty pe\u0142ni p. Piotr Prusak \u2013 firma REHPIT<\/p>\n\n\n\n<p>Zaj\u0119cia odbywaj\u0105 si\u0119 wg harmonogramu:<\/p>\n\n\n\n<p>PONIEDZIA\u0141EK&nbsp;&nbsp;&nbsp;&nbsp;&nbsp;&nbsp;&nbsp; 8.00-8.45&nbsp;&nbsp;&nbsp; motoryka&nbsp;\u2013&nbsp; hala MOSiR ul. Nadbrze\u017cna 34<\/p>\n\n\n\n<p>16.00-17.30&nbsp; odnowa biologiczna&nbsp; obiekty MOSiR ul. Nadbrze\u017cna 34<\/p>\n\n\n\n<p>WTOREK&nbsp;&nbsp;&nbsp;&nbsp;&nbsp;&nbsp;&nbsp;&nbsp;&nbsp;&nbsp;&nbsp;&nbsp;&nbsp;&nbsp;&nbsp;&nbsp;&nbsp;&nbsp;&nbsp; 8.00-845&nbsp;&nbsp;&nbsp;&nbsp; motoryka sala gimnastyczna SP-15 ul 29 Listopada 22<\/p>\n\n\n\n<p>16.00-17.30&nbsp;&nbsp; koszyk\u00f3wka \u2013&nbsp; hala MOSiR ul. Nadbrze\u017cna 34<\/p>\n\n\n\n<p>\u015aRODA&nbsp;&nbsp;&nbsp;&nbsp;&nbsp;&nbsp;&nbsp;&nbsp;&nbsp;&nbsp;&nbsp;&nbsp;&nbsp;&nbsp;&nbsp;&nbsp;&nbsp;&nbsp;&nbsp; 14.30-16.00&nbsp;&nbsp; koszyk\u00f3wka \u2013&nbsp;hala MOSiR ul. Nadbrze\u017cna 34<\/p>\n\n\n\n<p>CZWARTEK&nbsp;&nbsp;&nbsp;&nbsp;&nbsp;&nbsp;&nbsp;&nbsp;&nbsp;&nbsp; 16.00-17.30&nbsp;&nbsp; koszyk\u00f3wka \u2013&nbsp;hala MOSiR ul. Nadbrze\u017cna 34<\/p>\n\n\n\n<p>PI\u0104TEK&nbsp;&nbsp;&nbsp;&nbsp;&nbsp;&nbsp;&nbsp;&nbsp;&nbsp;&nbsp;&nbsp;&nbsp;&nbsp;&nbsp;&nbsp;&nbsp;&nbsp;&nbsp;&nbsp;&nbsp;&nbsp; 8.00-8.45&nbsp;&nbsp;&nbsp; motoryka&nbsp;\u2013&nbsp; hala MOSiR ul. Nadbrze\u017cna 34<\/p>\n","protected":false},"excerpt":{"rendered":"<p>KOSSM PZKOSZ NOWY S\u0104CZ Koszykarski O\u015brodek Szkolenia Sportowego M\u0142odzie\u017cy funkcjonuje&nbsp;na terenie Szko\u0142y Podstawowej nr 15 w Nowym S\u0105czu od wrze\u015bnia 2015 roku.&nbsp;Jest to projekt og\u00f3lnopolski realizowany przez Polski Zwi\u0105zek Koszyk\u00f3wki&nbsp;w porozumieniu z Ministerstwem Sportu i Turystyki oraz Prezydentem Miasta N. S\u0105cza i ma&nbsp;na celu szkolenie sportowe najbardziej uzdolnionych koszykarsko dziewcz\u0105t z&nbsp;rocznik\u00f3w 2003-2005&nbsp; tj z klas &hellip; <\/p>\n<div class=\"link-more\"><a href=\"https:\/\/sp15ns.pl\/index.php\/kossm-pzkosz\/\" class=\"more-link\">Read More<span class=\"screen-reader-text\"> &#8220;KOSSM PZKosz&#8221;<\/span><\/a><\/div>\n","protected":false},"author":1,"featured_media":0,"parent":0,"menu_order":0,"comment_status":"closed","ping_status":"closed","template":"","meta":{"footnotes":""},"class_list":["post-148","page","type-page","status-publish","hentry"],"_links":{"self":[{"href":"https:\/\/sp15ns.pl\/index.php\/wp-json\/wp\/v2\/pages\/148","targetHints":{"allow":["GET"]}}],"collection":[{"href":"https:\/\/sp15ns.pl\/index.php\/wp-json\/wp\/v2\/pages"}],"about":[{"href":"https:\/\/sp15ns.pl\/index.php\/wp-json\/wp\/v2\/types\/page"}],"author":[{"embeddable":true,"href":"https:\/\/sp15ns.pl\/index.php\/wp-json\/wp\/v2\/users\/1"}],"replies":[{"embeddable":true,"href":"https:\/\/sp15ns.pl\/index.php\/wp-json\/wp\/v2\/comments?post=148"}],"version-history":[{"count":1,"href":"https:\/\/sp15ns.pl\/index.php\/wp-json\/wp\/v2\/pages\/148\/revisions"}],"predecessor-version":[{"id":150,"href":"https:\/\/sp15ns.pl\/index.php\/wp-json\/wp\/v2\/pages\/148\/revisions\/150"}],"wp:attachment":[{"href":"https:\/\/sp15ns.pl\/index.php\/wp-json\/wp\/v2\/media?parent=148"}],"curies":[{"name":"wp","href":"https:\/\/api.w.org\/{rel}","templated":true}]}}